{"id":4977,"date":"2024-09-19T19:58:12","date_gmt":"2024-09-19T11:58:12","guid":{"rendered":"https:\/\/limlogesmasters.com\/?page_id=4977"},"modified":"2024-09-19T20:00:17","modified_gmt":"2024-09-19T12:00:17","slug":"jean-sebastien-lemay","status":"publish","type":"page","link":"https:\/\/limlogesmasters.com\/zh\/senior-advisors\/jean-sebastien-lemay\/","title":{"rendered":"Jean-S\u00e9bastien Lemay"},"content":{"rendered":"<div data-elementor-type=\"wp-page\" data-elementor-id=\"4977\" class=\"elementor elementor-4977\" data-elementor-post-type=\"page\">\n\t\t\t\t<div class=\"elementor-element elementor-element-9451a8b e-flex e-con-boxed e-con e-parent\" data-id=\"9451a8b\" data-element_type=\"container\" data-e-type=\"container\" data-settings=\"{&quot;background_background&quot;:&quot;classic&quot;,&quot;shape_divider_bottom&quot;:&quot;triangle-asymmetrical&quot;,&quot;shape_divider_bottom_negative&quot;:&quot;yes&quot;}\">\n\t\t\t\t\t<div class=\"e-con-inner\">\n\t\t\t\t<div class=\"elementor-shape elementor-shape-bottom\" aria-hidden=\"true\" data-negative=\"true\">\n\t\t\t<svg xmlns=\"http:\/\/www.w3.org\/2000\/svg\" viewbox=\"0 0 1000 100\" preserveaspectratio=\"none\">\n\t<path class=\"elementor-shape-fill\" d=\"M737.9,94.7L0,0v100h1000V0L737.9,94.7z\"\/>\n<\/svg>\t\t<\/div>\n\t\t\t\t\t<\/div>\n\t\t\t\t<\/div>\n\t\t<div class=\"elementor-element elementor-element-facaec6 e-flex e-con-boxed e-con e-parent\" data-id=\"facaec6\" data-element_type=\"container\" data-e-type=\"container\">\n\t\t\t\t\t<div class=\"e-con-inner\">\n\t\t<div class=\"elementor-element elementor-element-aa619a8 e-con-full e-flex e-con e-child\" data-id=\"aa619a8\" data-element_type=\"container\" data-e-type=\"container\">\n\t\t\t\t<\/div>\n\t\t<div class=\"elementor-element elementor-element-4c43983 e-con-full e-flex e-con e-child\" data-id=\"4c43983\" data-element_type=\"container\" data-e-type=\"container\">\n\t\t\t\t<div class=\"elementor-element elementor-element-c54e8ec elementor-widget elementor-widget-image\" data-id=\"c54e8ec\" data-element_type=\"widget\" data-e-type=\"widget\" data-widget_type=\"image.default\">\n\t\t\t\t<div class=\"elementor-widget-container\">\n\t\t\t\t\t\t\t\t\t\t\t\t\t\t\t<img fetchpriority=\"high\" decoding=\"async\" width=\"400\" height=\"400\" src=\"http:\/\/43.199.17.78\/wp-content\/uploads\/2024\/09\/Jean-Sebastien-Lemay-BW.jpg\" class=\"attachment-full size-full wp-image-4973\" alt=\"\" srcset=\"http:\/\/43.199.17.78\/wp-content\/uploads\/2024\/09\/Jean-Sebastien-Lemay-BW.jpg 400w, http:\/\/43.199.17.78\/wp-content\/uploads\/2024\/09\/Jean-Sebastien-Lemay-BW-300x300.jpg 300w, http:\/\/43.199.17.78\/wp-content\/uploads\/2024\/09\/Jean-Sebastien-Lemay-BW-150x150.jpg 150w, http:\/\/43.199.17.78\/wp-content\/uploads\/2024\/09\/Jean-Sebastien-Lemay-BW-12x12.jpg 12w, http:\/\/43.199.17.78\/wp-content\/uploads\/2024\/09\/Jean-Sebastien-Lemay-BW-160x160.jpg 160w, http:\/\/43.199.17.78\/wp-content\/uploads\/2024\/09\/Jean-Sebastien-Lemay-BW-100x100.jpg 100w\" sizes=\"(max-width: 400px) 100vw, 400px\" \/>\t\t\t\t\t\t\t\t\t\t\t\t\t\t\t<\/div>\n\t\t\t\t<\/div>\n\t\t<div class=\"elementor-element elementor-element-0dbd9e5 e-flex e-con-boxed e-con e-child\" data-id=\"0dbd9e5\" data-element_type=\"container\" data-e-type=\"container\">\n\t\t\t\t\t<div class=\"e-con-inner\">\n\t\t<div class=\"elementor-element elementor-element-f2c9105 e-con-full e-flex e-con e-child\" data-id=\"f2c9105\" data-element_type=\"container\" data-e-type=\"container\">\n\t\t\t\t<div class=\"elementor-element elementor-element-184f6bc elementor-view-default elementor-widget elementor-widget-icon\" data-id=\"184f6bc\" data-element_type=\"widget\" data-e-type=\"widget\" data-widget_type=\"icon.default\">\n\t\t\t\t<div class=\"elementor-widget-container\">\n\t\t\t\t\t\t\t<div class=\"elementor-icon-wrapper\">\n\t\t\t<div class=\"elementor-icon\">\n\t\t\t<svg aria-hidden=\"true\" class=\"e-font-icon-svg e-fas-location-arrow\" viewbox=\"0 0 512 512\" xmlns=\"http:\/\/www.w3.org\/2000\/svg\"><path d=\"M444.52 3.52L28.74 195.42c-47.97 22.39-31.98 92.75 19.19 92.75h175.91v175.91c0 51.17 70.36 67.17 92.75 19.19l191.9-415.78c15.99-38.39-25.59-79.97-63.97-63.97z\"><\/path><\/svg>\t\t\t<\/div>\n\t\t<\/div>\n\t\t\t\t\t\t<\/div>\n\t\t\t\t<\/div>\n\t\t\t\t<\/div>\n\t\t<div class=\"elementor-element elementor-element-9f0b6ee e-con-full e-flex e-con e-child\" data-id=\"9f0b6ee\" data-element_type=\"container\" data-e-type=\"container\">\n\t\t\t\t<div class=\"elementor-element elementor-element-172c792 elementor-widget elementor-widget-eael-fancy-text\" data-id=\"172c792\" data-element_type=\"widget\" data-e-type=\"widget\" data-widget_type=\"eael-fancy-text.default\">\n\t\t\t\t<div class=\"elementor-widget-container\">\n\t\t\t\t\t\n\t<div  class=\"eael-fancy-text-container style-1\" data-fancy-text-id=\"172c792\" data-fancy-text=\"\" data-fancy-text-transition-type=\"typing\" data-fancy-text-speed=\"50\" data-fancy-text-delay=\"2500\" data-fancy-text-cursor=\"yes\" data-fancy-text-loop=\"yes\" data-fancy-text-action=\"page_load\" >\n\t\t\n\t\t\n\t\t\t\t\t<span id=\"eael-fancy-text-172c792\" class=\"eael-fancy-text-strings solid-color\">\n\t\t\t\t<noscript>\n\t\t\t\t\t\t\t\t\t<\/noscript>\n\t\t\t<\/span>\n\t\t\n\t\t\t<\/div><!-- close .eael-fancy-text-container -->\n\n\t<div class=\"clearfix\"><\/div>\n\n\t\t\t\t\t<\/div>\n\t\t\t\t<\/div>\n\t\t\t\t<\/div>\n\t\t\t\t\t<\/div>\n\t\t\t\t<\/div>\n\t\t\t\t<\/div>\n\t\t<div class=\"elementor-element elementor-element-18081ab e-con-full e-flex e-con e-child\" data-id=\"18081ab\" data-element_type=\"container\" data-e-type=\"container\">\n\t\t\t\t<div class=\"elementor-element elementor-element-ac25ab1 elementor-widget elementor-widget-heading\" data-id=\"ac25ab1\" data-element_type=\"widget\" data-e-type=\"widget\" data-widget_type=\"heading.default\">\n\t\t\t\t<div class=\"elementor-widget-container\">\n\t\t\t\t\t<h2 class=\"elementor-heading-title elementor-size-default\">Jean-S\u00e9bastien Lemay <\/h2>\t\t\t\t<\/div>\n\t\t\t\t<\/div>\n\t\t\t\t<div class=\"elementor-element elementor-element-9fdda0f elementor-widget elementor-widget-heading\" data-id=\"9fdda0f\" data-element_type=\"widget\" data-e-type=\"widget\" data-widget_type=\"heading.default\">\n\t\t\t\t<div class=\"elementor-widget-container\">\n\t\t\t\t\t<h3 class=\"elementor-heading-title elementor-size-default\">Senior Advisor<\/h3>\t\t\t\t<\/div>\n\t\t\t\t<\/div>\n\t\t\t\t<div class=\"elementor-element elementor-element-bd19447 elementor-widget elementor-widget-text-editor\" data-id=\"bd19447\" data-element_type=\"widget\" data-e-type=\"widget\" data-widget_type=\"text-editor.default\">\n\t\t\t\t<div class=\"elementor-widget-container\">\n\t\t\t\t\t\t\t\t\t<p>Jean-S\u00e9bastien Lemay is a seasoned software solution architect who creates substantial competitive advantages for clients through technology. With 15 years of experience spanning corporate and entrepreneurial ventures, he resonates with established leaders and start-up pioneers alike. His approach unlocks new revenue streams, automates processes and builds new ways to interact with customers.<\/p><p>His integration of established system design methods with highly effective communication has proven to be critical for the success of software projects. This battle-tested approach has resulted in the successful deployment of tailor-made products, business intelligence platforms and state-of-the-art AI systems.<\/p><p>Recently, he has successfully engineered and launched client products across multiple sectors including tax advisory services, automated medical insurance and digital headhunting.\u2002He has been at the forefront of integrating cutting-edge AI technologies for technical writing companies as well as accounting firms, unlocking their full potential. His work in business intelligence has focused on developing sophisticated data analytics platforms for managed service providers.<\/p><p>Jean-S\u00e9bastien&#8217;s career as a software specialist began in 2010 with Velocity Technology, an international I.T. services company headquartered in Hong Kong. Over the following decade, he ascended to become the head of software services as he delivered solutions to empower enterprises in various industries including construction, relocation, compliance as well as insurance.<\/p><p>In 2021, he transitioned to a consulting role to engage with visionaries across a greater diversity of markets. Beyond his professional commitments, he volunteers at regional high school events and mentorship programs, sharing insights with the next generation of industry leaders.<\/p><p>Jean-S\u00e9bastien holds an I.T. engineering degree (B. Ing.) from l&#8217;\u00c9cole de Technologie Sup\u00e9rieure in Montreal, Canada. He is fluent in both English and French.<\/p>\t\t\t\t\t\t\t\t<\/div>\n\t\t\t\t<\/div>\n\t\t\t\t<\/div>\n\t\t<div class=\"elementor-element elementor-element-36e3c8d e-flex e-con-boxed e-con e-child\" data-id=\"36e3c8d\" data-element_type=\"container\" data-e-type=\"container\">\n\t\t\t\t\t<div class=\"e-con-inner\">\n\t\t\t\t<div class=\"elementor-element elementor-element-abee4d2 elementor-widget elementor-widget-post-navigation\" data-id=\"abee4d2\" data-element_type=\"widget\" data-e-type=\"widget\" data-widget_type=\"post-navigation.default\">\n\t\t\t\t<div class=\"elementor-widget-container\">\n\t\t\t\t\t\t\t<div class=\"elementor-post-navigation\" role=\"navigation\" aria-label=\"Post Navigation\">\n\t\t\t<div class=\"elementor-post-navigation__prev elementor-post-navigation__link\">\n\t\t\t\t<a href=\"https:\/\/limlogesmasters.com\/zh\/senior-advisors\/pia-wong\/\" rel=\"prev\"><span class=\"post-navigation__arrow-wrapper post-navigation__arrow-prev\"><svg aria-hidden=\"true\" class=\"e-font-icon-svg e-fas-caret-left\" viewbox=\"0 0 192 512\" xmlns=\"http:\/\/www.w3.org\/2000\/svg\"><path d=\"M192 127.338v257.324c0 17.818-21.543 26.741-34.142 14.142L29.196 270.142c-7.81-7.81-7.81-20.474 0-28.284l128.662-128.662c12.599-12.6 34.142-3.676 34.142 14.142z\"><\/path><\/svg><span class=\"elementor-screen-only\">Prev<\/span><\/span><span class=\"elementor-post-navigation__link__prev\"><span class=\"post-navigation__prev--label\">Previous<\/span><span class=\"post-navigation__prev--title\">Pia Wong<\/span><\/span><\/a>\t\t\t<\/div>\n\t\t\t\t\t\t<div class=\"elementor-post-navigation__next elementor-post-navigation__link\">\n\t\t\t\t<a href=\"https:\/\/limlogesmasters.com\/zh\/conversations\/\" rel=\"next\"><span class=\"elementor-post-navigation__link__next\"><span class=\"post-navigation__next--label\">Next<\/span><span class=\"post-navigation__next--title\">Conversations<\/span><\/span><span class=\"post-navigation__arrow-wrapper post-navigation__arrow-next\"><svg aria-hidden=\"true\" class=\"e-font-icon-svg e-fas-caret-right\" viewbox=\"0 0 192 512\" xmlns=\"http:\/\/www.w3.org\/2000\/svg\"><path d=\"M0 384.662V127.338c0-17.818 21.543-26.741 34.142-14.142l128.662 128.662c7.81 7.81 7.81 20.474 0 28.284L34.142 398.804C21.543 411.404 0 402.48 0 384.662z\"><\/path><\/svg><span class=\"elementor-screen-only\">Next<\/span><\/span><\/a>\t\t\t<\/div>\n\t\t<\/div>\n\t\t\t\t\t\t<\/div>\n\t\t\t\t<\/div>\n\t\t<div class=\"elementor-element elementor-element-c21db1c e-flex e-con-boxed e-con e-child\" data-id=\"c21db1c\" data-element_type=\"container\" data-e-type=\"container\">\n\t\t\t\t\t<div class=\"e-con-inner\">\n\t\t\t\t<div class=\"elementor-element elementor-element-42ef02a elementor-widget elementor-widget-heading\" data-id=\"42ef02a\" data-element_type=\"widget\" data-e-type=\"widget\" data-widget_type=\"heading.default\">\n\t\t\t\t<div class=\"elementor-widget-container\">\n\t\t\t\t\t<h2 class=\"elementor-heading-title elementor-size-default\">Article By Jean-S\u00e9bastien Lemay <\/h2>\t\t\t\t<\/div>\n\t\t\t\t<\/div>\n\t\t\t\t\t<\/div>\n\t\t\t\t<\/div>\n\t\t\t\t\t<\/div>\n\t\t\t\t<\/div>\n\t\t\t\t\t<\/div>\n\t\t\t\t<\/div>\n\t\t\t\t<\/div>","protected":false},"excerpt":{"rendered":"<p>Jean-S\u00e9bastien Lemay Senior Advisor Jean-S\u00e9bastien Lemay is a seasoned software solution architect who creates substantial competitive advantages for clients through [&hellip;]<\/p>\n","protected":false},"author":2,"featured_media":0,"parent":1463,"menu_order":0,"comment_status":"closed","ping_status":"closed","template":"","meta":{"_uag_custom_page_level_css":"","site-sidebar-layout":"no-sidebar","site-content-layout":"","ast-site-content-layout":"full-width-container","site-content-style":"default","site-sidebar-style":"default","ast-global-header-display":"","ast-banner-title-visibility":"","ast-main-header-display":"","ast-hfb-above-header-display":"","ast-hfb-below-header-display":"","ast-hfb-mobile-header-display":"","site-post-title":"disabled","ast-breadcrumbs-content":"","ast-featured-img":"disabled","footer-sml-layout":"","ast-disable-related-posts":"","theme-transparent-header-meta":"","adv-header-id-meta":"","stick-header-meta":"","header-above-stick-meta":"","header-main-stick-meta":"","header-below-stick-meta":"","astra-migrate-meta-layouts":"default","ast-page-background-enabled":"default","ast-page-background-meta":{"desktop":{"background-color":"var(--ast-global-color-4)","background-image":"","background-repeat":"repeat","background-position":"center center","background-size":"auto","background-attachment":"scroll","background-type":"","background-media":"","overlay-type":"","overlay-color":"","overlay-opacity":"","overlay-gradient":""},"tablet":{"background-color":"","background-image":"","background-repeat":"repeat","background-position":"center center","background-size":"auto","background-attachment":"scroll","background-type":"","background-media":"","overlay-type":"","overlay-color":"","overlay-opacity":"","overlay-gradient":""},"mobile":{"background-color":"","background-image":"","background-repeat":"repeat","background-position":"center center","background-size":"auto","background-attachment":"scroll","background-type":"","background-media":"","overlay-type":"","overlay-color":"","overlay-opacity":"","overlay-gradient":""}},"ast-content-background-meta":{"desktop":{"background-color":"var(--ast-global-color-5)","background-image":"","background-repeat":"repeat","background-position":"center center","background-size":"auto","background-attachment":"scroll","background-type":"","background-media":"","overlay-type":"","overlay-color":"","overlay-opacity":"","overlay-gradient":""},"tablet":{"background-color":"var(--ast-global-color-5)","background-image":"","background-repeat":"repeat","background-position":"center center","background-size":"auto","background-attachment":"scroll","background-type":"","background-media":"","overlay-type":"","overlay-color":"","overlay-opacity":"","overlay-gradient":""},"mobile":{"background-color":"var(--ast-global-color-5)","background-image":"","background-repeat":"repeat","background-position":"center center","background-size":"auto","background-attachment":"scroll","background-type":"","background-media":"","overlay-type":"","overlay-color":"","overlay-opacity":"","overlay-gradient":""}},"footnotes":""},"class_list":["post-4977","page","type-page","status-publish","hentry"],"yoast_head":"<!-- This site is optimized with the Yoast SEO plugin v27.0 - https:\/\/yoast.com\/product\/yoast-seo-wordpress\/ -->\n<title>Jean-S\u00e9bastien Lemay - Lim-Loges Masters - Disruption, Transition Management Search<\/title>\n<meta name=\"robots\" content=\"index, follow, max-snippet:-1, max-image-preview:large, max-video-preview:-1\" \/>\n<link rel=\"canonical\" href=\"https:\/\/limlogesmasters.com\/zh\/senior-advisors\/jean-sebastien-lemay\/\" \/>\n<meta property=\"og:locale\" content=\"zh_CN\" \/>\n<meta property=\"og:type\" content=\"article\" \/>\n<meta property=\"og:title\" content=\"Jean-S\u00e9bastien Lemay - Lim-Loges Masters - Disruption, Transition Management Search\" \/>\n<meta property=\"og:description\" content=\"Jean-S\u00e9bastien Lemay Senior Advisor Jean-S\u00e9bastien Lemay is a seasoned software solution architect who creates substantial competitive advantages for clients through [&hellip;]\" \/>\n<meta property=\"og:url\" content=\"https:\/\/limlogesmasters.com\/zh\/senior-advisors\/jean-sebastien-lemay\/\" \/>\n<meta property=\"og:site_name\" content=\"Lim-Loges Masters - Disruption, Transition Management Search\" \/>\n<meta property=\"article:publisher\" content=\"https:\/\/www.facebook.com\/LimLogesMasters\" \/>\n<meta property=\"article:modified_time\" content=\"2024-09-19T12:00:17+00:00\" \/>\n<meta property=\"og:image\" content=\"http:\/\/limlogesmasters.com\/wp-content\/uploads\/2024\/09\/Jean-Sebastien-Lemay-BW.jpg\" \/>\n<meta name=\"twitter:card\" content=\"summary_large_image\" \/>\n<meta name=\"twitter:label1\" content=\"\u9884\u8ba1\u9605\u8bfb\u65f6\u95f4\" \/>\n\t<meta name=\"twitter:data1\" content=\"2 \u5206\" \/>\n<script type=\"application\/ld+json\" class=\"yoast-schema-graph\">{\"@context\":\"https:\/\/schema.org\",\"@graph\":[{\"@type\":\"WebPage\",\"@id\":\"https:\/\/limlogesmasters.com\/zh\/senior-advisors\/jean-sebastien-lemay\/\",\"url\":\"https:\/\/limlogesmasters.com\/zh\/senior-advisors\/jean-sebastien-lemay\/\",\"name\":\"Jean-S\u00e9bastien Lemay - Lim-Loges Masters - Disruption, Transition Management Search\",\"isPartOf\":{\"@id\":\"https:\/\/43-199-17-078.plesk.page\/#website\"},\"primaryImageOfPage\":{\"@id\":\"https:\/\/limlogesmasters.com\/zh\/senior-advisors\/jean-sebastien-lemay\/#primaryimage\"},\"image\":{\"@id\":\"https:\/\/limlogesmasters.com\/zh\/senior-advisors\/jean-sebastien-lemay\/#primaryimage\"},\"thumbnailUrl\":\"http:\/\/limlogesmasters.com\/wp-content\/uploads\/2024\/09\/Jean-Sebastien-Lemay-BW.jpg\",\"datePublished\":\"2024-09-19T11:58:12+00:00\",\"dateModified\":\"2024-09-19T12:00:17+00:00\",\"breadcrumb\":{\"@id\":\"https:\/\/limlogesmasters.com\/zh\/senior-advisors\/jean-sebastien-lemay\/#breadcrumb\"},\"inLanguage\":\"zh-Hans\",\"potentialAction\":[{\"@type\":\"ReadAction\",\"target\":[\"https:\/\/limlogesmasters.com\/zh\/senior-advisors\/jean-sebastien-lemay\/\"]}]},{\"@type\":\"ImageObject\",\"inLanguage\":\"zh-Hans\",\"@id\":\"https:\/\/limlogesmasters.com\/zh\/senior-advisors\/jean-sebastien-lemay\/#primaryimage\",\"url\":\"http:\/\/limlogesmasters.com\/wp-content\/uploads\/2024\/09\/Jean-Sebastien-Lemay-BW.jpg\",\"contentUrl\":\"http:\/\/limlogesmasters.com\/wp-content\/uploads\/2024\/09\/Jean-Sebastien-Lemay-BW.jpg\"},{\"@type\":\"BreadcrumbList\",\"@id\":\"https:\/\/limlogesmasters.com\/zh\/senior-advisors\/jean-sebastien-lemay\/#breadcrumb\",\"itemListElement\":[{\"@type\":\"ListItem\",\"position\":1,\"name\":\"Home\",\"item\":\"https:\/\/43-199-17-078.plesk.page\/\"},{\"@type\":\"ListItem\",\"position\":2,\"name\":\"Senior Advisors\",\"item\":\"http:\/\/www.limlogesmasters.com\/senior-advisors\/\"},{\"@type\":\"ListItem\",\"position\":3,\"name\":\"Jean-S\u00e9bastien Lemay\"}]},{\"@type\":\"WebSite\",\"@id\":\"https:\/\/43-199-17-078.plesk.page\/#website\",\"url\":\"https:\/\/43-199-17-078.plesk.page\/\",\"name\":\"Lim-Loges Masters\",\"description\":\"Lim-Loges Masters - Disruption, Transition Management  Search\",\"publisher\":{\"@id\":\"https:\/\/43-199-17-078.plesk.page\/#organization\"},\"potentialAction\":[{\"@type\":\"SearchAction\",\"target\":{\"@type\":\"EntryPoint\",\"urlTemplate\":\"https:\/\/43-199-17-078.plesk.page\/?s={search_term_string}\"},\"query-input\":{\"@type\":\"PropertyValueSpecification\",\"valueRequired\":true,\"valueName\":\"search_term_string\"}}],\"inLanguage\":\"zh-Hans\"},{\"@type\":\"Organization\",\"@id\":\"https:\/\/43-199-17-078.plesk.page\/#organization\",\"name\":\"Lim-Loges Masters\",\"url\":\"https:\/\/43-199-17-078.plesk.page\/\",\"logo\":{\"@type\":\"ImageObject\",\"inLanguage\":\"zh-Hans\",\"@id\":\"https:\/\/43-199-17-078.plesk.page\/#\/schema\/logo\/image\/\",\"url\":\"https:\/\/limlogesmasters.com\/wp-content\/uploads\/2024\/01\/Logo-150x150-2.gif\",\"contentUrl\":\"https:\/\/limlogesmasters.com\/wp-content\/uploads\/2024\/01\/Logo-150x150-2.gif\",\"width\":150,\"height\":150,\"caption\":\"Lim-Loges Masters\"},\"image\":{\"@id\":\"https:\/\/43-199-17-078.plesk.page\/#\/schema\/logo\/image\/\"},\"sameAs\":[\"https:\/\/www.facebook.com\/LimLogesMasters\"]}]}<\/script>\n<!-- \/ Yoast SEO plugin. -->","yoast_head_json":{"title":"Jean-S\u00e9bastien Lemay - Lim-Loges Masters - Disruption, Transition Management Search","robots":{"index":"index","follow":"follow","max-snippet":"max-snippet:-1","max-image-preview":"max-image-preview:large","max-video-preview":"max-video-preview:-1"},"canonical":"https:\/\/limlogesmasters.com\/zh\/senior-advisors\/jean-sebastien-lemay\/","og_locale":"zh_CN","og_type":"article","og_title":"Jean-S\u00e9bastien Lemay - Lim-Loges Masters - Disruption, Transition Management Search","og_description":"Jean-S\u00e9bastien Lemay Senior Advisor Jean-S\u00e9bastien Lemay is a seasoned software solution architect who creates substantial competitive advantages for clients through [&hellip;]","og_url":"https:\/\/limlogesmasters.com\/zh\/senior-advisors\/jean-sebastien-lemay\/","og_site_name":"Lim-Loges Masters - Disruption, Transition Management Search","article_publisher":"https:\/\/www.facebook.com\/LimLogesMasters","article_modified_time":"2024-09-19T12:00:17+00:00","og_image":[{"url":"http:\/\/limlogesmasters.com\/wp-content\/uploads\/2024\/09\/Jean-Sebastien-Lemay-BW.jpg","type":"","width":"","height":""}],"twitter_card":"summary_large_image","twitter_misc":{"\u9884\u8ba1\u9605\u8bfb\u65f6\u95f4":"2 \u5206"},"schema":{"@context":"https:\/\/schema.org","@graph":[{"@type":"WebPage","@id":"https:\/\/limlogesmasters.com\/zh\/senior-advisors\/jean-sebastien-lemay\/","url":"https:\/\/limlogesmasters.com\/zh\/senior-advisors\/jean-sebastien-lemay\/","name":"Jean-S\u00e9bastien Lemay - Lim-Loges Masters - Disruption, Transition Management Search","isPartOf":{"@id":"https:\/\/43-199-17-078.plesk.page\/#website"},"primaryImageOfPage":{"@id":"https:\/\/limlogesmasters.com\/zh\/senior-advisors\/jean-sebastien-lemay\/#primaryimage"},"image":{"@id":"https:\/\/limlogesmasters.com\/zh\/senior-advisors\/jean-sebastien-lemay\/#primaryimage"},"thumbnailUrl":"http:\/\/limlogesmasters.com\/wp-content\/uploads\/2024\/09\/Jean-Sebastien-Lemay-BW.jpg","datePublished":"2024-09-19T11:58:12+00:00","dateModified":"2024-09-19T12:00:17+00:00","breadcrumb":{"@id":"https:\/\/limlogesmasters.com\/zh\/senior-advisors\/jean-sebastien-lemay\/#breadcrumb"},"inLanguage":"zh-Hans","potentialAction":[{"@type":"ReadAction","target":["https:\/\/limlogesmasters.com\/zh\/senior-advisors\/jean-sebastien-lemay\/"]}]},{"@type":"ImageObject","inLanguage":"zh-Hans","@id":"https:\/\/limlogesmasters.com\/zh\/senior-advisors\/jean-sebastien-lemay\/#primaryimage","url":"http:\/\/limlogesmasters.com\/wp-content\/uploads\/2024\/09\/Jean-Sebastien-Lemay-BW.jpg","contentUrl":"http:\/\/limlogesmasters.com\/wp-content\/uploads\/2024\/09\/Jean-Sebastien-Lemay-BW.jpg"},{"@type":"BreadcrumbList","@id":"https:\/\/limlogesmasters.com\/zh\/senior-advisors\/jean-sebastien-lemay\/#breadcrumb","itemListElement":[{"@type":"ListItem","position":1,"name":"Home","item":"https:\/\/43-199-17-078.plesk.page\/"},{"@type":"ListItem","position":2,"name":"Senior Advisors","item":"http:\/\/www.limlogesmasters.com\/senior-advisors\/"},{"@type":"ListItem","position":3,"name":"Jean-S\u00e9bastien Lemay"}]},{"@type":"WebSite","@id":"https:\/\/43-199-17-078.plesk.page\/#website","url":"https:\/\/43-199-17-078.plesk.page\/","name":"Lim-Loges Masters","description":"Lim-Loges Masters - Disruption, Transition Management  Search","publisher":{"@id":"https:\/\/43-199-17-078.plesk.page\/#organization"},"potentialAction":[{"@type":"SearchAction","target":{"@type":"EntryPoint","urlTemplate":"https:\/\/43-199-17-078.plesk.page\/?s={search_term_string}"},"query-input":{"@type":"PropertyValueSpecification","valueRequired":true,"valueName":"search_term_string"}}],"inLanguage":"zh-Hans"},{"@type":"Organization","@id":"https:\/\/43-199-17-078.plesk.page\/#organization","name":"Lim-Loges Masters","url":"https:\/\/43-199-17-078.plesk.page\/","logo":{"@type":"ImageObject","inLanguage":"zh-Hans","@id":"https:\/\/43-199-17-078.plesk.page\/#\/schema\/logo\/image\/","url":"https:\/\/limlogesmasters.com\/wp-content\/uploads\/2024\/01\/Logo-150x150-2.gif","contentUrl":"https:\/\/limlogesmasters.com\/wp-content\/uploads\/2024\/01\/Logo-150x150-2.gif","width":150,"height":150,"caption":"Lim-Loges Masters"},"image":{"@id":"https:\/\/43-199-17-078.plesk.page\/#\/schema\/logo\/image\/"},"sameAs":["https:\/\/www.facebook.com\/LimLogesMasters"]}]}},"uagb_featured_image_src":{"full":false,"thumbnail":false,"medium":false,"medium_large":false,"large":false,"1536x1536":false,"2048x2048":false,"trp-custom-language-flag":false,"classic-grid-listing":false,"classic-list-listing":false,"modern-grid-listing":false,"product-page-image":false,"product-category-page-image":false,"woocommerce_thumbnail":false,"woocommerce_single":false,"woocommerce_gallery_thumbnail":false},"uagb_author_info":{"display_name":"Kuna Govinda","author_link":"https:\/\/limlogesmasters.com\/zh\/author\/govinda_kuna\/"},"uagb_comment_info":0,"uagb_excerpt":"Jean-S\u00e9bastien Lemay Senior Advisor Jean-S\u00e9bastien Lemay is a seasoned software solution architect who creates substantial competitive advantages for clients through [&hellip;]","jetpack_sharing_enabled":true,"_links":{"self":[{"href":"https:\/\/limlogesmasters.com\/zh\/wp-json\/wp\/v2\/pages\/4977","targetHints":{"allow":["GET"]}}],"collection":[{"href":"https:\/\/limlogesmasters.com\/zh\/wp-json\/wp\/v2\/pages"}],"about":[{"href":"https:\/\/limlogesmasters.com\/zh\/wp-json\/wp\/v2\/types\/page"}],"author":[{"embeddable":true,"href":"https:\/\/limlogesmasters.com\/zh\/wp-json\/wp\/v2\/users\/2"}],"replies":[{"embeddable":true,"href":"https:\/\/limlogesmasters.com\/zh\/wp-json\/wp\/v2\/comments?post=4977"}],"version-history":[{"count":4,"href":"https:\/\/limlogesmasters.com\/zh\/wp-json\/wp\/v2\/pages\/4977\/revisions"}],"predecessor-version":[{"id":4981,"href":"https:\/\/limlogesmasters.com\/zh\/wp-json\/wp\/v2\/pages\/4977\/revisions\/4981"}],"up":[{"embeddable":true,"href":"https:\/\/limlogesmasters.com\/zh\/wp-json\/wp\/v2\/pages\/1463"}],"wp:attachment":[{"href":"https:\/\/limlogesmasters.com\/zh\/wp-json\/wp\/v2\/media?parent=4977"}],"curies":[{"name":"wp","href":"https:\/\/api.w.org\/{rel}","templated":true}]}}